{"id":496,"date":"2018-11-26T12:45:27","date_gmt":"2018-11-26T12:45:27","guid":{"rendered":"https:\/\/cerritogroup.com\/home\/"},"modified":"2023-12-02T19:43:38","modified_gmt":"2023-12-03T00:43:38","slug":"lern_more","status":"publish","type":"page","link":"https:\/\/cattlems.com\/es\/lern_more\/","title":{"rendered":"Aprende m\u00e1s"},"content":{"rendered":"<div data-elementor-type=\"wp-page\" data-elementor-id=\"496\" class=\"elementor elementor-496\" data-elementor-post-type=\"page\">\n\t\t\t\t\t\t<section class=\"elementor-section elementor-top-section elementor-element elementor-element-5ec671b7 elementor-section-content-middle elementor-section-boxed elementor-section-height-default elementor-section-height-default\" data-id=\"5ec671b7\" data-element_type=\"section\" data-e-type=\"section\" data-settings=\"{&quot;background_background&quot;:&quot;classic&quot;}\">\n\t\t\t\t\t\t\t<div class=\"elementor-background-overlay\"><\/div>\n\t\t\t\t\t\t\t<div class=\"elementor-container elementor-column-gap-no\">\n\t\t\t\t\t<div class=\"elementor-column elementor-col-100 elementor-top-column elementor-element elementor-element-1ba84b9d\" data-id=\"1ba84b9d\" data-element_type=\"column\" data-e-type=\"column\" data-settings=\"{&quot;background_background&quot;:&quot;classic&quot;}\">\n\t\t\t<div class=\"elementor-widget-wrap elementor-element-populated\">\n\t\t\t\t\t\t<div class=\"elementor-element elementor-element-6526ec2 elementor-widget elementor-widget-image\" data-id=\"6526ec2\" data-element_type=\"widget\" data-e-type=\"widget\" data-widget_type=\"image.default\">\n\t\t\t\t<div class=\"elementor-widget-container\">\n\t\t\t\t\t\t\t\t\t\t\t\t\t\t\t<img fetchpriority=\"high\" decoding=\"async\" width=\"271\" height=\"300\" src=\"https:\/\/cattlems.com\/wp-content\/uploads\/2022\/05\/Logo4_monoC-271x300.png\" class=\"attachment-medium size-medium wp-image-1399\" alt=\"\" srcset=\"https:\/\/cattlems.com\/wp-content\/uploads\/2022\/05\/Logo4_monoC-271x300.png 271w, https:\/\/cattlems.com\/wp-content\/uploads\/2022\/05\/Logo4_monoC-924x1024.png 924w, https:\/\/cattlems.com\/wp-content\/uploads\/2022\/05\/Logo4_monoC-768x851.png 768w, https:\/\/cattlems.com\/wp-content\/uploads\/2022\/05\/Logo4_monoC.png 934w\" sizes=\"(max-width: 271px) 100vw, 271px\" \/>\t\t\t\t\t\t\t\t\t\t\t\t\t\t\t<\/div>\n\t\t\t\t<\/div>\n\t\t\t\t<div class=\"elementor-element elementor-element-f104f1f elementor-widget elementor-widget-heading\" data-id=\"f104f1f\" data-element_type=\"widget\" data-e-type=\"widget\" data-settings=\"{&quot;_animation_mobile&quot;:&quot;fadeIn&quot;}\" data-widget_type=\"heading.default\">\n\t\t\t\t<div class=\"elementor-widget-container\">\n\t\t\t\t\t<h2 class=\"elementor-heading-title elementor-size-medium\">Better Cattle Business <br>.<\/h2>\t\t\t\t<\/div>\n\t\t\t\t<\/div>\n\t\t\t\t\t<\/div>\n\t\t<\/div>\n\t\t\t\t\t<\/div>\n\t\t<\/section>\n\t\t\t\t<section class=\"elementor-section elementor-top-section elementor-element elementor-element-f002e57 elementor-section-boxed elementor-section-height-default elementor-section-height-default\" data-id=\"f002e57\" data-element_type=\"section\" data-e-type=\"section\">\n\t\t\t\t\t\t<div class=\"elementor-container elementor-column-gap-default\">\n\t\t\t\t\t<div class=\"elementor-column elementor-col-50 elementor-top-column elementor-element elementor-element-5ac28b9\" data-id=\"5ac28b9\" data-element_type=\"column\" data-e-type=\"column\">\n\t\t\t<div class=\"elementor-widget-wrap elementor-element-populated\">\n\t\t\t\t\t\t<div class=\"elementor-element elementor-element-cc6c8ba elementor-widget elementor-widget-spacer\" data-id=\"cc6c8ba\" data-element_type=\"widget\" data-e-type=\"widget\" data-widget_type=\"spacer.default\">\n\t\t\t\t<div class=\"elementor-widget-container\">\n\t\t\t\t\t\t\t<div class=\"elementor-spacer\">\n\t\t\t<div class=\"elementor-spacer-inner\"><\/div>\n\t\t<\/div>\n\t\t\t\t\t\t<\/div>\n\t\t\t\t<\/div>\n\t\t\t\t<div class=\"elementor-element elementor-element-6002e31 elementor-widget elementor-widget-heading\" data-id=\"6002e31\" data-element_type=\"widget\" data-e-type=\"widget\" data-widget_type=\"heading.default\">\n\t\t\t\t<div class=\"elementor-widget-container\">\n\t\t\t\t\t<h2 class=\"elementor-heading-title elementor-size-xl\">\u00bfQu\u00e9 es?<\/h2>\t\t\t\t<\/div>\n\t\t\t\t<\/div>\n\t\t\t\t<div class=\"elementor-element elementor-element-da123df elementor-widget elementor-widget-text-editor\" data-id=\"da123df\" data-element_type=\"widget\" data-e-type=\"widget\" data-widget_type=\"text-editor.default\">\n\t\t\t\t<div class=\"elementor-widget-container\">\n\t\t\t\t\t\t\t\t\t<p>Un poderoso sistema de manejo ganadero en internet que te ayudar\u00e1 a mejorar el resultado final: la rentabilidad de tu negocio\u00a0<b><u>.<\/u><\/b><\/p>\t\t\t\t\t\t\t\t<\/div>\n\t\t\t\t<\/div>\n\t\t\t\t<div class=\"elementor-element elementor-element-15323dd elementor-widget elementor-widget-image\" data-id=\"15323dd\" data-element_type=\"widget\" data-e-type=\"widget\" data-widget_type=\"image.default\">\n\t\t\t\t<div class=\"elementor-widget-container\">\n\t\t\t\t\t\t\t\t\t\t\t\t\t\t\t<img decoding=\"async\" width=\"576\" height=\"1152\" src=\"https:\/\/cattlems.com\/wp-content\/uploads\/2023\/12\/Slide-cerrito-is-1-page-optimized-for-webpage.png\" class=\"attachment-medium_large size-medium_large wp-image-1756\" alt=\"\" srcset=\"https:\/\/cattlems.com\/wp-content\/uploads\/2023\/12\/Slide-cerrito-is-1-page-optimized-for-webpage.png 576w, https:\/\/cattlems.com\/wp-content\/uploads\/2023\/12\/Slide-cerrito-is-1-page-optimized-for-webpage-150x300.png 150w, https:\/\/cattlems.com\/wp-content\/uploads\/2023\/12\/Slide-cerrito-is-1-page-optimized-for-webpage-512x1024.png 512w\" sizes=\"(max-width: 576px) 100vw, 576px\" \/>\t\t\t\t\t\t\t\t\t\t\t\t\t\t\t<\/div>\n\t\t\t\t<\/div>\n\t\t\t\t\t<\/div>\n\t\t<\/div>\n\t\t\t\t<div class=\"elementor-column elementor-col-50 elementor-top-column elementor-element elementor-element-f3db436\" data-id=\"f3db436\" data-element_type=\"column\" data-e-type=\"column\" data-settings=\"{&quot;background_background&quot;:&quot;classic&quot;}\">\n\t\t\t<div class=\"elementor-widget-wrap elementor-element-populated\">\n\t\t\t\t\t\t<div class=\"elementor-element elementor-element-d4b2646 elementor-widget elementor-widget-spacer\" data-id=\"d4b2646\" data-element_type=\"widget\" data-e-type=\"widget\" data-widget_type=\"spacer.default\">\n\t\t\t\t<div class=\"elementor-widget-container\">\n\t\t\t\t\t\t\t<div class=\"elementor-spacer\">\n\t\t\t<div class=\"elementor-spacer-inner\"><\/div>\n\t\t<\/div>\n\t\t\t\t\t\t<\/div>\n\t\t\t\t<\/div>\n\t\t\t\t<div class=\"elementor-element elementor-element-851c2b9 elementor-widget elementor-widget-heading\" data-id=\"851c2b9\" data-element_type=\"widget\" data-e-type=\"widget\" data-widget_type=\"heading.default\">\n\t\t\t\t<div class=\"elementor-widget-container\">\n\t\t\t\t\t<h2 class=\"elementor-heading-title elementor-size-xl\">\u00bfPara qu\u00e9 sirve?<\/h2>\t\t\t\t<\/div>\n\t\t\t\t<\/div>\n\t\t\t\t<div class=\"elementor-element elementor-element-6e58ad2 elementor-widget elementor-widget-text-editor\" data-id=\"6e58ad2\" data-element_type=\"widget\" data-e-type=\"widget\" data-widget_type=\"text-editor.default\">\n\t\t\t\t<div class=\"elementor-widget-container\">\n\t\t\t\t\t\t\t\t\t<ul><li style=\"box-sizing: inherit; font-size: 16px;\"><b style=\"box-sizing: inherit;\">Digitaliza tu negocio ganadero.<\/b><\/li><li style=\"box-sizing: inherit; font-size: 16px;\"><b style=\"box-sizing: inherit; font-style: inherit; color: var( --e-global-color-astglobalcolor5 );\">\u00a1Toma el control!<\/b><span style=\"box-sizing: inherit; font-size: 18px; color: var( --e-global-color-astglobalcolor5 );\">\u00a0Haz lo que siempre has hecho, pero mejor.<\/span><\/li><li style=\"font-size: 18px;\">Obt\u00e9n\u00a0<span style=\"font-weight: bold;\">informaci\u00f3n \u00fatil y accionable<\/span>\u00a0de tu operaci\u00f3n para tomar decisiones y operar con mayor eficiencia.<\/li><li>Administra tus costos, cultivos, inventarios, dietas, etc.<\/li><li>Lleva un historial organizado de tu operaci\u00f3n (lotes, animales, ubicaciones, pesos, desempe\u00f1o, historial m\u00e9dico, registros comerciales, etc.).<\/li><li><span style=\"font-size: 18px; font-style: normal; font-weight: 300;\">Mant\u00e9n<\/span><span style=\"font-weight: bold; font-size: 18px; font-style: normal;\">\u00a0registros profesionales<\/span><span style=\"font-size: 18px; font-style: normal; font-weight: 300;\">\u00a0de tu ganado.<\/span><\/li><\/ul>\t\t\t\t\t\t\t\t<\/div>\n\t\t\t\t<\/div>\n\t\t\t\t<div class=\"elementor-element elementor-element-9b1e35d elementor-widget elementor-widget-image\" data-id=\"9b1e35d\" data-element_type=\"widget\" data-e-type=\"widget\" data-widget_type=\"image.default\">\n\t\t\t\t<div class=\"elementor-widget-container\">\n\t\t\t\t\t\t\t\t\t\t\t\t\t\t\t<img decoding=\"async\" width=\"768\" height=\"350\" src=\"https:\/\/cattlems.com\/wp-content\/uploads\/2022\/11\/2A1F66CA-C9B8-4D50-AC6C-5323CB58C3FD-768x350.jpeg\" class=\"attachment-medium_large size-medium_large wp-image-1503\" alt=\"Cost \/ Head\" srcset=\"https:\/\/cattlems.com\/wp-content\/uploads\/2022\/11\/2A1F66CA-C9B8-4D50-AC6C-5323CB58C3FD-768x350.jpeg 768w, https:\/\/cattlems.com\/wp-content\/uploads\/2022\/11\/2A1F66CA-C9B8-4D50-AC6C-5323CB58C3FD-300x137.jpeg 300w, https:\/\/cattlems.com\/wp-content\/uploads\/2022\/11\/2A1F66CA-C9B8-4D50-AC6C-5323CB58C3FD-1024x467.jpeg 1024w, https:\/\/cattlems.com\/wp-content\/uploads\/2022\/11\/2A1F66CA-C9B8-4D50-AC6C-5323CB58C3FD.jpeg 1291w\" sizes=\"(max-width: 768px) 100vw, 768px\" \/>\t\t\t\t\t\t\t\t\t\t\t\t\t\t\t<\/div>\n\t\t\t\t<\/div>\n\t\t\t\t<div class=\"elementor-element elementor-element-883f0a4 elementor-widget elementor-widget-text-editor\" data-id=\"883f0a4\" data-element_type=\"widget\" data-e-type=\"widget\" data-widget_type=\"text-editor.default\">\n\t\t\t\t<div class=\"elementor-widget-container\">\n\t\t\t\t\t\t\t\t\t<ul>\n<li><b>\u00a1Enf\u00f3cate!<\/b>&nbsp;Eval\u00faa tus finanzas y desempe\u00f1o agrupando el ganado en lotes. Como t\u00fa decidas. Con flexibilidad. Cuando lo necesites. &nbsp;<\/li>\n<li>Indicadores clave de desempe\u00f1o y m\u00e9tricas.<\/li>\n<li>Accede al Marketplace: haz ofertas y recibe ofertas \u2014 <b>directamente.<\/b><\/li>\n<li><b>Llega a m\u00e1s personas<\/b>y expande tu mercado.<\/li>\n<li>y expande tu mercado.<\/li>\n<li>Y mucho m\u00e1s...<\/li>\n<\/ul>\t\t\t\t\t\t\t\t<\/div>\n\t\t\t\t<\/div>\n\t\t\t\t<div class=\"elementor-element elementor-element-6a8f17a elementor-widget elementor-widget-heading\" data-id=\"6a8f17a\" data-element_type=\"widget\" data-e-type=\"widget\" data-widget_type=\"heading.default\">\n\t\t\t\t<div class=\"elementor-widget-container\">\n\t\t\t\t\t<h2 class=\"elementor-heading-title elementor-size-xl\">\u00bfPara qui\u00e9n est\u00e1 hecho?<\/h2>\t\t\t\t<\/div>\n\t\t\t\t<\/div>\n\t\t\t\t<div class=\"elementor-element elementor-element-b24e93c elementor-widget elementor-widget-text-editor\" data-id=\"b24e93c\" data-element_type=\"widget\" data-e-type=\"widget\" data-widget_type=\"text-editor.default\">\n\t\t\t\t<div class=\"elementor-widget-container\">\n\t\t\t\t\t\t\t\t\t<p><span style=\"color: #ffffff; font-size: 18px; font-style: normal; font-weight: 300;\">Dise\u00f1ado para\u00a0<\/span><span style=\"font-weight: bold; color: #ffffff; font-size: 18px; font-style: normal;\">engordadores, criadores, operaciones de recr\u00eda y corrales de finalizaci\u00f3n\u00a0<\/span><span style=\"color: #ffffff; font-size: 18px; font-style: normal; font-weight: 300;\">de todos los tama\u00f1os.<\/span><\/p>\t\t\t\t\t\t\t\t<\/div>\n\t\t\t\t<\/div>\n\t\t\t\t\t<\/div>\n\t\t<\/div>\n\t\t\t\t\t<\/div>\n\t\t<\/section>\n\t\t\t\t<section class=\"elementor-section elementor-top-section elementor-element elementor-element-ebfe7aa elementor-section-boxed elementor-section-height-default elementor-section-height-default\" data-id=\"ebfe7aa\" data-element_type=\"section\" data-e-type=\"section\">\n\t\t\t\t\t\t<div class=\"elementor-container elementor-column-gap-default\">\n\t\t\t\t\t<div class=\"elementor-column elementor-col-33 elementor-top-column elementor-element elementor-element-9964af7\" data-id=\"9964af7\" data-element_type=\"column\" data-e-type=\"column\">\n\t\t\t<div class=\"elementor-widget-wrap elementor-element-populated\">\n\t\t\t\t\t\t<div class=\"elementor-element elementor-element-8562711 elementor-hidden-mobile elementor-widget elementor-widget-image\" data-id=\"8562711\" data-element_type=\"widget\" data-e-type=\"widget\" data-widget_type=\"image.default\">\n\t\t\t\t<div class=\"elementor-widget-container\">\n\t\t\t\t\t\t\t\t\t\t\t\t\t\t\t<img loading=\"lazy\" decoding=\"async\" width=\"768\" height=\"1024\" src=\"https:\/\/cattlems.com\/wp-content\/uploads\/2021\/02\/IMG_2084-768x1024.jpg\" class=\"attachment-large size-large wp-image-872\" alt=\"\" srcset=\"https:\/\/cattlems.com\/wp-content\/uploads\/2021\/02\/IMG_2084-768x1024.jpg 768w, https:\/\/cattlems.com\/wp-content\/uploads\/2021\/02\/IMG_2084-225x300.jpg 225w, https:\/\/cattlems.com\/wp-content\/uploads\/2021\/02\/IMG_2084-1152x1536.jpg 1152w, https:\/\/cattlems.com\/wp-content\/uploads\/2021\/02\/IMG_2084-1536x2048.jpg 1536w, https:\/\/cattlems.com\/wp-content\/uploads\/2021\/02\/IMG_2084-scaled.jpg 1920w\" sizes=\"(max-width: 768px) 100vw, 768px\" \/>\t\t\t\t\t\t\t\t\t\t\t\t\t\t\t<\/div>\n\t\t\t\t<\/div>\n\t\t\t\t\t<\/div>\n\t\t<\/div>\n\t\t\t\t<div class=\"elementor-column elementor-col-33 elementor-top-column elementor-element elementor-element-8ec70bf\" data-id=\"8ec70bf\" data-element_type=\"column\" data-e-type=\"column\">\n\t\t\t<div class=\"elementor-widget-wrap elementor-element-populated\">\n\t\t\t\t\t\t<div class=\"elementor-element elementor-element-6b85e2e elementor-widget elementor-widget-spacer\" data-id=\"6b85e2e\" data-element_type=\"widget\" data-e-type=\"widget\" data-widget_type=\"spacer.default\">\n\t\t\t\t<div class=\"elementor-widget-container\">\n\t\t\t\t\t\t\t<div class=\"elementor-spacer\">\n\t\t\t<div class=\"elementor-spacer-inner\"><\/div>\n\t\t<\/div>\n\t\t\t\t\t\t<\/div>\n\t\t\t\t<\/div>\n\t\t\t\t<div class=\"elementor-element elementor-element-c6b6b7b elementor-widget elementor-widget-heading\" data-id=\"c6b6b7b\" data-element_type=\"widget\" data-e-type=\"widget\" data-widget_type=\"heading.default\">\n\t\t\t\t<div class=\"elementor-widget-container\">\n\t\t\t\t\t<h2 class=\"elementor-heading-title elementor-size-large\">\u00bfManejas ganado para alguien m\u00e1s?<\/h2>\t\t\t\t<\/div>\n\t\t\t\t<\/div>\n\t\t\t\t<div class=\"elementor-element elementor-element-c3cacfc elementor-widget elementor-widget-text-editor\" data-id=\"c3cacfc\" data-element_type=\"widget\" data-e-type=\"widget\" data-widget_type=\"text-editor.default\">\n\t\t\t\t<div class=\"elementor-widget-container\">\n\t\t\t\t\t\t\t\t\t<p><b>\u00a1Perfecto!\u00a0<\/b><\/p><p>Contamos con<b><u>\u00a0cuentas especiales para \u201cAdministradores de Cuenta\u201d<\/u><\/b>\u00a0que te permiten gestionar uno o varios negocios. Con este tipo de cuenta puedes crear tu propio negocio o expandir y fortalecer el que ya tienes.<\/p>\t\t\t\t\t\t\t\t<\/div>\n\t\t\t\t<\/div>\n\t\t\t\t\t<\/div>\n\t\t<\/div>\n\t\t\t\t<div class=\"elementor-column elementor-col-33 elementor-top-column elementor-element elementor-element-9804111\" data-id=\"9804111\" data-element_type=\"column\" data-e-type=\"column\">\n\t\t\t<div class=\"elementor-widget-wrap elementor-element-populated\">\n\t\t\t\t\t\t<div class=\"elementor-element elementor-element-a0d0d97 elementor-widget elementor-widget-image\" data-id=\"a0d0d97\" data-element_type=\"widget\" data-e-type=\"widget\" data-widget_type=\"image.default\">\n\t\t\t\t<div class=\"elementor-widget-container\">\n\t\t\t\t\t\t\t\t\t\t\t\t\t\t\t<img loading=\"lazy\" decoding=\"async\" width=\"800\" height=\"536\" src=\"https:\/\/cattlems.com\/wp-content\/uploads\/2021\/01\/cows-bovine-calves-5229766-1024x686.jpg\" class=\"attachment-large size-large wp-image-480\" alt=\"cows, bovine, calves\" srcset=\"https:\/\/cattlems.com\/wp-content\/uploads\/2021\/01\/cows-bovine-calves-5229766-1024x686.jpg 1024w, https:\/\/cattlems.com\/wp-content\/uploads\/2021\/01\/cows-bovine-calves-5229766-300x201.jpg 300w, https:\/\/cattlems.com\/wp-content\/uploads\/2021\/01\/cows-bovine-calves-5229766-768x514.jpg 768w, https:\/\/cattlems.com\/wp-content\/uploads\/2021\/01\/cows-bovine-calves-5229766.jpg 1280w\" sizes=\"(max-width: 800px) 100vw, 800px\" \/>\t\t\t\t\t\t\t\t\t\t\t\t\t\t\t<\/div>\n\t\t\t\t<\/div>\n\t\t\t\t<div class=\"elementor-element elementor-element-1ff2414 elementor-widget elementor-widget-image\" data-id=\"1ff2414\" data-element_type=\"widget\" data-e-type=\"widget\" data-widget_type=\"image.default\">\n\t\t\t\t<div class=\"elementor-widget-container\">\n\t\t\t\t\t\t\t\t\t\t\t\t\t\t\t<img loading=\"lazy\" decoding=\"async\" width=\"800\" height=\"534\" src=\"https:\/\/cattlems.com\/wp-content\/uploads\/2021\/02\/IMG_7005-1024x683.jpg\" class=\"attachment-large size-large wp-image-998\" alt=\"\" srcset=\"https:\/\/cattlems.com\/wp-content\/uploads\/2021\/02\/IMG_7005-1024x683.jpg 1024w, https:\/\/cattlems.com\/wp-content\/uploads\/2021\/02\/IMG_7005-300x200.jpg 300w, https:\/\/cattlems.com\/wp-content\/uploads\/2021\/02\/IMG_7005-768x512.jpg 768w, https:\/\/cattlems.com\/wp-content\/uploads\/2021\/02\/IMG_7005-1536x1024.jpg 1536w, https:\/\/cattlems.com\/wp-content\/uploads\/2021\/02\/IMG_7005-2048x1365.jpg 2048w\" sizes=\"(max-width: 800px) 100vw, 800px\" \/>\t\t\t\t\t\t\t\t\t\t\t\t\t\t\t<\/div>\n\t\t\t\t<\/div>\n\t\t\t\t\t<\/div>\n\t\t<\/div>\n\t\t\t\t\t<\/div>\n\t\t<\/section>\n\t\t\t\t<\/div>","protected":false},"excerpt":{"rendered":"<p>Better Cattle Business Management &amp; Marketplace What is it? A powerful internet-based cattle management system that will help you improve the bottom line &#8211;\u00a0profitability. What is the benefit? Digitalize\u00a0your cattle business. Gain control!\u00a0Do what you always have done, but better. Get\u00a0useful and actionable information\u00a0from your business that will help you make decision, operate more efficiently. [&hellip;]<\/p>","protected":false},"author":1,"featured_media":0,"parent":0,"menu_order":0,"comment_status":"closed","ping_status":"closed","template":"","meta":{"footnotes":""},"class_list":["post-496","page","type-page","status-publish","hentry"],"_links":{"self":[{"href":"https:\/\/cattlems.com\/es\/wp-json\/wp\/v2\/pages\/496","targetHints":{"allow":["GET"]}}],"collection":[{"href":"https:\/\/cattlems.com\/es\/wp-json\/wp\/v2\/pages"}],"about":[{"href":"https:\/\/cattlems.com\/es\/wp-json\/wp\/v2\/types\/page"}],"author":[{"embeddable":true,"href":"https:\/\/cattlems.com\/es\/wp-json\/wp\/v2\/users\/1"}],"replies":[{"embeddable":true,"href":"https:\/\/cattlems.com\/es\/wp-json\/wp\/v2\/comments?post=496"}],"version-history":[{"count":318,"href":"https:\/\/cattlems.com\/es\/wp-json\/wp\/v2\/pages\/496\/revisions"}],"predecessor-version":[{"id":1804,"href":"https:\/\/cattlems.com\/es\/wp-json\/wp\/v2\/pages\/496\/revisions\/1804"}],"wp:attachment":[{"href":"https:\/\/cattlems.com\/es\/wp-json\/wp\/v2\/media?parent=496"}],"curies":[{"name":"wp","href":"https:\/\/api.w.org\/{rel}","templated":true}]}}